{"id":7,"date":"2025-10-03T12:58:50","date_gmt":"2025-10-03T12:58:50","guid":{"rendered":"http:\/\/noise-brzezno.rgblack.art\/?page_id=7"},"modified":"2025-10-15T14:20:22","modified_gmt":"2025-10-15T14:20:22","slug":"home","status":"publish","type":"page","link":"https:\/\/noise-brzezno.rgblack.art\/","title":{"rendered":"Home"},"content":{"rendered":"\t\t<div data-elementor-type=\"wp-post\" data-elementor-id=\"7\" class=\"elementor elementor-7\">\n\t\t\t\t<div class=\"elementor-element elementor-element-1ef6d74 e-flex e-con-boxed e-con e-parent\" data-id=\"1ef6d74\" data-element_type=\"container\" data-settings=\"{&quot;background_background&quot;:&quot;classic&quot;}\">\n\t\t\t\t\t<div class=\"e-con-inner\">\n\t\t\t\t<div class=\"elementor-element elementor-element-fc487c8 elementor-widget elementor-widget-image\" data-id=\"fc487c8\" data-element_type=\"widget\" data-widget_type=\"image.default\">\n\t\t\t\t\t\t\t\t\t\t\t\t\t\t\t<img fetchpriority=\"high\" decoding=\"async\" width=\"2560\" height=\"217\" src=\"https:\/\/noise-brzezno.rgblack.art\/wp-content\/uploads\/2025\/10\/Zasob-6@4x-scaled.png\" class=\"attachment-full size-full wp-image-65\" alt=\"\" srcset=\"https:\/\/noise-brzezno.rgblack.art\/wp-content\/uploads\/2025\/10\/Zasob-6@4x-scaled.png 2560w, https:\/\/noise-brzezno.rgblack.art\/wp-content\/uploads\/2025\/10\/Zasob-6@4x-300x25.png 300w, https:\/\/noise-brzezno.rgblack.art\/wp-content\/uploads\/2025\/10\/Zasob-6@4x-1024x87.png 1024w, https:\/\/noise-brzezno.rgblack.art\/wp-content\/uploads\/2025\/10\/Zasob-6@4x-768x65.png 768w, https:\/\/noise-brzezno.rgblack.art\/wp-content\/uploads\/2025\/10\/Zasob-6@4x-1536x130.png 1536w, https:\/\/noise-brzezno.rgblack.art\/wp-content\/uploads\/2025\/10\/Zasob-6@4x-2048x174.png 2048w\" sizes=\"(max-width: 2560px) 100vw, 2560px\" \/>\t\t\t\t\t\t\t\t\t\t\t\t\t\t\t<\/div>\n\t\t\t\t\t<\/div>\n\t\t\t\t<\/div>\n\t\t<div class=\"elementor-element elementor-element-61d92f4 e-flex e-con-boxed e-con e-parent\" data-id=\"61d92f4\" data-element_type=\"container\">\n\t\t\t\t\t<div class=\"e-con-inner\">\n\t\t\t\t<div class=\"elementor-element elementor-element-1317b11 elementor-widget elementor-widget-video\" data-id=\"1317b11\" data-element_type=\"widget\" data-settings=\"{&quot;video_type&quot;:&quot;hosted&quot;,&quot;autoplay&quot;:&quot;yes&quot;,&quot;play_on_mobile&quot;:&quot;yes&quot;,&quot;mute&quot;:&quot;yes&quot;,&quot;loop&quot;:&quot;yes&quot;}\" data-widget_type=\"video.default\">\n\t\t\t\t\t\t\t<div class=\"e-hosted-video elementor-wrapper elementor-open-inline\">\n\t\t\t\t\t<video class=\"elementor-video\" src=\"https:\/\/noise-brzezno.rgblack.art\/wp-content\/uploads\/2025\/10\/strona_2.mp4\" autoplay=\"\" loop=\"\" muted=\"muted\" playsinline=\"\" controlsList=\"nodownload\"><\/video>\n\t\t\t\t<\/div>\n\t\t\t\t\t\t<\/div>\n\t\t<div class=\"elementor-element elementor-element-f2237ee e-con-full e-flex e-con e-child\" data-id=\"f2237ee\" data-element_type=\"container\">\n\t\t\t\t<div class=\"elementor-element elementor-element-ca3d7c9 elementor-align-center elementor-widget elementor-widget-button\" data-id=\"ca3d7c9\" data-element_type=\"widget\" data-widget_type=\"button.default\">\n\t\t\t\t\t\t\t\t\t\t<a class=\"elementor-button elementor-button-link elementor-size-sm\" href=\"https:\/\/noise-brzezno.rgblack.art\/index.php\/formularz\/\">\n\t\t\t\t\t\t<span class=\"elementor-button-content-wrapper\">\n\t\t\t\t\t\t\t\t\t<span class=\"elementor-button-text\">Sta\u0144 si\u0119 cz\u0119\u015bci\u0105 projektu<\/span>\n\t\t\t\t\t<\/span>\n\t\t\t\t\t<\/a>\n\t\t\t\t\t\t\t\t<\/div>\n\t\t\t\t<\/div>\n\t\t\t\t\t<\/div>\n\t\t\t\t<\/div>\n\t\t<div class=\"elementor-element elementor-element-a7c56af e-flex e-con-boxed e-con e-parent\" data-id=\"a7c56af\" data-element_type=\"container\">\n\t\t\t\t\t<div class=\"e-con-inner\">\n\t\t\t\t<div class=\"elementor-element elementor-element-5431239 elementor-widget elementor-widget-heading\" data-id=\"5431239\" data-element_type=\"widget\" data-widget_type=\"heading.default\">\n\t\t\t\t\t<h1 class=\"elementor-heading-title elementor-size-default\">Jak sztuczna inteligencja<\/br>widzi nasz\u0105 dzielnic\u0119?<\/h1>\t\t\t\t<\/div>\n\t\t\t\t<div class=\"elementor-element elementor-element-4490ffa elementor-widget elementor-widget-text-editor\" data-id=\"4490ffa\" data-element_type=\"widget\" data-widget_type=\"text-editor.default\">\n\t\t\t\t\t\t\t\t\t<p data-start=\"400\" data-end=\"579\">Wyobra\u017a sobie, \u017ce kto\u015b pr\u00f3buje nauczy\u0107 si\u0119 widzie\u0107 \u015bwiat od zera.<br data-start=\"465\" data-end=\"468\" \/>Nie zna miejsc, ludzi ani kolor\u00f3w \u2013 tylko piksele i kszta\u0142ty.<br data-start=\"529\" data-end=\"532\" \/>To w\u0142a\u015bnie nasz model sztucznej inteligencji.<\/p><p data-start=\"581\" data-end=\"884\">Na razie <strong data-start=\"590\" data-end=\"643\">nauczy\u0142 si\u0119 rozpoznawa\u0107 podstawowe formy i kolory<\/strong>, co\u015b jak dziecko, kt\u00f3re dopiero zaczyna rozumie\u0107, \u017ce \u015bwiat ma struktur\u0119.<br data-start=\"716\" data-end=\"719\" \/>Teraz chcemy p\u00f3j\u015b\u0107 krok dalej \u2013 <strong data-start=\"751\" data-end=\"782\">nauczy\u0107 go widzie\u0107 Brze\u017ano.<\/strong><br data-start=\"782\" data-end=\"785\" \/>Zobaczy\u0107, <strong data-start=\"795\" data-end=\"837\">jak algorytm \u201epami\u0119ta\u201d nasze otoczenie<\/strong> i jak je przekszta\u0142ca w co\u015b zupe\u0142nie nowego.<\/p>\t\t\t\t\t\t\t\t<\/div>\n\t\t\t\t\t<\/div>\n\t\t\t\t<\/div>\n\t\t<div class=\"elementor-element elementor-element-c348d98 e-flex e-con-boxed e-con e-parent\" data-id=\"c348d98\" data-element_type=\"container\">\n\t\t\t\t\t<div class=\"e-con-inner\">\n\t\t\t\t<div class=\"elementor-element elementor-element-ca63b32 elementor-widget elementor-widget-heading\" data-id=\"ca63b32\" data-element_type=\"widget\" data-widget_type=\"heading.default\">\n\t\t\t\t\t<h1 class=\"elementor-heading-title elementor-size-default\">Potrzebujemy Twoich zdj\u0119\u0107<\/h1>\t\t\t\t<\/div>\n\t\t\t\t<div class=\"elementor-element elementor-element-13cc083 elementor-widget elementor-widget-text-editor\" data-id=\"13cc083\" data-element_type=\"widget\" data-widget_type=\"text-editor.default\">\n\t\t\t\t\t\t\t\t\t<p data-start=\"926\" data-end=\"1116\">Ka\u017cde zdj\u0119cie \u2013 z okna, z pla\u017cy, z podw\u00f3rka, z balkonu, z ulicy, z wn\u0119trza \u2013 to fragment wi\u0119kszej uk\u0142adanki.<br data-start=\"1034\" data-end=\"1037\" \/>Im bardziej r\u00f3\u017cnorodne b\u0119d\u0105 obrazy, tym pe\u0142niejszy portret Brze\u017ana powstanie.<\/p><p data-start=\"1118\" data-end=\"1297\">Nie chodzi o widok\u00f3wki.<br data-start=\"1141\" data-end=\"1144\" \/>Nie szukamy \u201e\u0142adnych kadr\u00f3w\u201d.<br data-start=\"1173\" data-end=\"1176\" \/>Szukamy <strong data-start=\"1184\" data-end=\"1205\">prawdy w detalach<\/strong> \u2013 koloru rdzy na barierce, kszta\u0142tu falochronu, faktury \u015bciany, odbicia \u015bwiat\u0142a w szybie.<\/p><p data-start=\"1299\" data-end=\"1402\">To w\u0142a\u015bnie z takich fragment\u00f3w AI uczy si\u0119 rozumie\u0107 nasze otoczenie.<br data-start=\"1367\" data-end=\"1370\" \/>A p\u00f3\u017aniej \u2013 zaczyna je \u201e\u015bni\u0107\u201d.<\/p>\t\t\t\t\t\t\t\t<\/div>\n\t\t\t\t\t<\/div>\n\t\t\t\t<\/div>\n\t\t<div class=\"elementor-element elementor-element-64e40b3 e-flex e-con-boxed e-con e-parent\" data-id=\"64e40b3\" data-element_type=\"container\">\n\t\t\t\t\t<div class=\"e-con-inner\">\n\t\t\t\t<div class=\"elementor-element elementor-element-2c6cb63 elementor-widget elementor-widget-heading\" data-id=\"2c6cb63\" data-element_type=\"widget\" data-widget_type=\"heading.default\">\n\t\t\t\t\t<h1 class=\"elementor-heading-title elementor-size-default\">Co z tego powstanie?<\/h1>\t\t\t\t<\/div>\n\t\t\t\t<div class=\"elementor-element elementor-element-2e1d0cc elementor-widget elementor-widget-text-editor\" data-id=\"2e1d0cc\" data-element_type=\"widget\" data-widget_type=\"text-editor.default\">\n\t\t\t\t\t\t\t\t\t<p data-start=\"1439\" data-end=\"1679\">Z setek zdj\u0119\u0107 mieszka\u0144c\u00f3w powstanie nowy model sztucznej inteligencji, kt\u00f3ry poka\u017ce nam <strong data-start=\"1527\" data-end=\"1550\">jak \u201ewidzi\u201d Brze\u017ano<\/strong>.<br data-start=\"1551\" data-end=\"1554\" \/>Nie realistycznie \u2013 raczej <strong data-start=\"1581\" data-end=\"1595\">po swojemu<\/strong>, zniekszta\u0142caj\u0105c, \u0142\u0105cz\u0105c, myl\u0105c w\u0105tki i tworz\u0105c co\u015b pomi\u0119dzy snem a wspomnieniem.<\/p><p data-start=\"1681\" data-end=\"1859\">Efekt nie b\u0119dzie poczt\u00f3wk\u0105.<br data-start=\"1708\" data-end=\"1711\" \/>To b\u0119dzie <strong data-start=\"1721\" data-end=\"1766\">abstrakcyjna halucynacja na temat Brze\u017ana<\/strong> \u2013<br data-start=\"1768\" data-end=\"1771\" \/>ale nie czysto sztuczna, tylko <strong data-start=\"1802\" data-end=\"1857\">tkana z realnych zdj\u0119\u0107, prawdziwych miejsc i ludzi.<\/strong><\/p>\t\t\t\t\t\t\t\t<\/div>\n\t\t\t\t\t<\/div>\n\t\t\t\t<\/div>\n\t\t<div class=\"elementor-element elementor-element-db0d71a e-flex e-con-boxed e-con e-parent\" data-id=\"db0d71a\" data-element_type=\"container\">\n\t\t\t\t\t<div class=\"e-con-inner\">\n\t\t\t\t<div class=\"elementor-element elementor-element-1f38218 elementor-widget elementor-widget-heading\" data-id=\"1f38218\" data-element_type=\"widget\" data-widget_type=\"heading.default\">\n\t\t\t\t\t<h1 class=\"elementor-heading-title elementor-size-default\">Po co to wszystko?<\/h1>\t\t\t\t<\/div>\n\t\t\t\t<div class=\"elementor-element elementor-element-cf97441 elementor-widget elementor-widget-text-editor\" data-id=\"cf97441\" data-element_type=\"widget\" data-widget_type=\"text-editor.default\">\n\t\t\t\t\t\t\t\t\t<p data-start=\"1894\" data-end=\"2115\">Chcemy sprawdzi\u0107, <strong data-start=\"1912\" data-end=\"1962\">czy Brze\u017ano jest dla AI jednym sp\u00f3jnym obrazem<\/strong>, czy raczej zbiorem niepasuj\u0105cych do siebie element\u00f3w.<br data-start=\"2017\" data-end=\"2020\" \/>Czy algorytm rozpozna w nim wsp\u00f3lny rytm kolor\u00f3w i kszta\u0142t\u00f3w, czy pogubi si\u0119 w r\u00f3\u017cnorodno\u015bci.<\/p><p data-start=\"2117\" data-end=\"2300\">To nie eksperyment techniczny, tylko artystyczny.<br data-start=\"2166\" data-end=\"2169\" \/>Chcemy zobaczy\u0107, <strong data-start=\"2186\" data-end=\"2232\">jak wygl\u0105da nasza dzielnica oczami maszyny<\/strong>,<br data-start=\"2233\" data-end=\"2236\" \/>i czy ta maszynowa wizja mo\u017ce powiedzie\u0107 nam co\u015b o nas samych.<\/p>\t\t\t\t\t\t\t\t<\/div>\n\t\t\t\t\t<\/div>\n\t\t\t\t<\/div>\n\t\t<div class=\"elementor-element elementor-element-aa3f7da e-flex e-con-boxed e-con e-parent\" data-id=\"aa3f7da\" data-element_type=\"container\">\n\t\t\t\t\t<div class=\"e-con-inner\">\n\t\t\t\t<div class=\"elementor-element elementor-element-abc638c elementor-widget elementor-widget-heading\" data-id=\"abc638c\" data-element_type=\"widget\" data-widget_type=\"heading.default\">\n\t\t\t\t\t<h1 class=\"elementor-heading-title elementor-size-default\">Projekt<\/h1>\t\t\t\t<\/div>\n\t\t\t\t<div class=\"elementor-element elementor-element-fc23b3f elementor-widget elementor-widget-text-editor\" data-id=\"fc23b3f\" data-element_type=\"widget\" data-widget_type=\"text-editor.default\">\n\t\t\t\t\t\t\t\t\t<p data-start=\"2324\" data-end=\"2528\">\u201eC:\/GAK\/Brze\u017ano\/NOISE\u201d \u00a0tworzone jest przez artyst\u0119 <strong data-start=\"2417\" data-end=\"2448\">RGblack (Tomasz Matuszczak)<\/strong> we wsp\u00f3\u0142pracy z <strong data-start=\"2465\" data-end=\"2499\">Gda\u0144skim Archipelagiem Kultury.<\/strong><\/p><p data-start=\"2530\" data-end=\"2713\">To <strong data-start=\"2533\" data-end=\"2558\">spo\u0142eczny eksperyment<\/strong> o tym, jak technologia potrafi przekszta\u0142ci\u0107 zwyk\u0142e obrazy w emocje, wspomnienia i sny.<br data-start=\"2646\" data-end=\"2649\" \/>Ka\u017cde zdj\u0119cie, kt\u00f3re prze\u015blesz, staje si\u0119 cz\u0119\u015bci\u0105 tej opowie\u015bci.<\/p>\t\t\t\t\t\t\t\t<\/div>\n\t\t\t\t\t<\/div>\n\t\t\t\t<\/div>\n\t\t<div class=\"elementor-element elementor-element-6d9a0a5 e-flex e-con-boxed e-con e-parent\" data-id=\"6d9a0a5\" data-element_type=\"container\">\n\t\t\t\t\t<div class=\"e-con-inner\">\n\t\t\t\t<div class=\"elementor-element elementor-element-7dabe5c elementor-widget elementor-widget-heading\" data-id=\"7dabe5c\" data-element_type=\"widget\" data-widget_type=\"heading.default\">\n\t\t\t\t\t<h1 class=\"elementor-heading-title elementor-size-default\">Wejd\u017a do projektu<\/h1>\t\t\t\t<\/div>\n\t\t\t\t<div class=\"elementor-element elementor-element-84d8f32 elementor-widget elementor-widget-text-editor\" data-id=\"84d8f32\" data-element_type=\"widget\" data-widget_type=\"text-editor.default\">\n\t\t\t\t\t\t\t\t\t<p data-start=\"2324\" data-end=\"2528\">\ud83d\udce4 Prze\u015blij swoje zdj\u0119cia<\/p><p data-start=\"2324\" data-end=\"2528\">\ud83d\udd0d Zobacz, jak sztuczna inteligencja uczy si\u0119 Brze\u017ana<\/p><p data-start=\"2324\" data-end=\"2528\">\ud83d\udcab Sta\u0144 si\u0119 wsp\u00f3\u0142tw\u00f3rc\u0105 wizji, kt\u00f3rej jeszcze nikt nie widzia\u0142<\/p>\t\t\t\t\t\t\t\t<\/div>\n\t\t\t\t\t<\/div>\n\t\t\t\t<\/div>\n\t\t<div class=\"elementor-element elementor-element-578fec3 e-flex e-con-boxed e-con e-parent\" data-id=\"578fec3\" data-element_type=\"container\">\n\t\t\t\t\t<div class=\"e-con-inner\">\n\t\t\t\t<div class=\"elementor-element elementor-element-d0c33e4 elementor-align-center elementor-widget elementor-widget-button\" data-id=\"d0c33e4\" data-element_type=\"widget\" data-widget_type=\"button.default\">\n\t\t\t\t\t\t\t\t\t\t<a class=\"elementor-button elementor-button-link elementor-size-sm\" href=\"https:\/\/noise-brzezno.rgblack.art\/index.php\/formularz\/\">\n\t\t\t\t\t\t<span class=\"elementor-button-content-wrapper\">\n\t\t\t\t\t\t\t\t\t<span class=\"elementor-button-text\">Sta\u0144 si\u0119 cz\u0119\u015bci\u0105 projektu<\/span>\n\t\t\t\t\t<\/span>\n\t\t\t\t\t<\/a>\n\t\t\t\t\t\t\t\t<\/div>\n\t\t\t\t\t<\/div>\n\t\t\t\t<\/div>\n\t\t\t\t<\/div>\n\t\t","protected":false},"excerpt":{"rendered":"<p>https:\/\/noise-brzezno.rgblack.art\/wp-content\/uploads\/2025\/10\/strona_2.mp4 Sta\u0144 si\u0119 cz\u0119\u015bci\u0105 projektu Jak sztuczna inteligencjawidzi nasz\u0105 dzielnic\u0119? Wyobra\u017a sobie, \u017ce kto\u015b pr\u00f3buje nauczy\u0107 si\u0119 widzie\u0107 \u015bwiat od zera.Nie zna miejsc, ludzi ani kolor\u00f3w \u2013 tylko piksele i kszta\u0142ty.To w\u0142a\u015bnie nasz model sztucznej inteligencji. Na razie nauczy\u0142 si\u0119 rozpoznawa\u0107 podstawowe formy i kolory, co\u015b jak dziecko, kt\u00f3re dopiero zaczyna rozumie\u0107, \u017ce \u015bwiat ma [&hellip;]<\/p>\n","protected":false},"author":1,"featured_media":0,"parent":0,"menu_order":0,"comment_status":"closed","ping_status":"closed","template":"","meta":{"footnotes":""},"class_list":["post-7","page","type-page","status-publish","hentry"],"_links":{"self":[{"href":"https:\/\/noise-brzezno.rgblack.art\/index.php\/wp-json\/wp\/v2\/pages\/7","targetHints":{"allow":["GET"]}}],"collection":[{"href":"https:\/\/noise-brzezno.rgblack.art\/index.php\/wp-json\/wp\/v2\/pages"}],"about":[{"href":"https:\/\/noise-brzezno.rgblack.art\/index.php\/wp-json\/wp\/v2\/types\/page"}],"author":[{"embeddable":true,"href":"https:\/\/noise-brzezno.rgblack.art\/index.php\/wp-json\/wp\/v2\/users\/1"}],"replies":[{"embeddable":true,"href":"https:\/\/noise-brzezno.rgblack.art\/index.php\/wp-json\/wp\/v2\/comments?post=7"}],"version-history":[{"count":26,"href":"https:\/\/noise-brzezno.rgblack.art\/index.php\/wp-json\/wp\/v2\/pages\/7\/revisions"}],"predecessor-version":[{"id":126,"href":"https:\/\/noise-brzezno.rgblack.art\/index.php\/wp-json\/wp\/v2\/pages\/7\/revisions\/126"}],"wp:attachment":[{"href":"https:\/\/noise-brzezno.rgblack.art\/index.php\/wp-json\/wp\/v2\/media?parent=7"}],"curies":[{"name":"wp","href":"https:\/\/api.w.org\/{rel}","templated":true}]}}